{"id":112,"date":"2009-01-10T08:42:31","date_gmt":"2009-01-10T06:42:31","guid":{"rendered":"http:\/\/duhovna-druzina-delo.rkc.si\/?page_id=112"},"modified":"2016-11-26T14:37:57","modified_gmt":"2016-11-26T12:37:57","slug":"duhovno-sredisce-voglje","status":"publish","type":"page","link":"https:\/\/duhovna-druzina-delo.rkc.si\/?page_id=112","title":{"rendered":"Redno bogoslu\u017eje"},"content":{"rendered":"<div style=\"text-align: center;\" align=\"left\">\n<table border=\"0\" width=\"95%\">\n<tbody>\n<tr>\n<td><img decoding=\"async\" title=\"kirche1.jpg\" src=\"https:\/\/duhovna-druzina-delo.rkc.si\/wp-content\/uploads\/2007\/10\/kirche1.jpg\" alt=\"kirche1.jpg\" height=\"180\" align=\"left\" \/><\/td>\n<td align=\"center\" valign=\"middle\">\n<div align=\"center\"><\/div>\n<div align=\"center\">\n<h2 align=\"center\">Duhovno sredi\u0161\u010de Voglje<\/h2>\n<div align=\"center\"><\/div>\n<\/div>\n<div align=\"center\"><\/div>\n<h3><strong>Cerkev sv. Simona in Juda Tadeja<\/strong><\/h3>\n<div align=\"center\"><\/div>\n<div align=\"center\"><\/div>\n<h3 align=\"center\">Prisr\u010dno povabljeni:<\/h3>\n<\/td>\n<td><img decoding=\"async\" title=\"judassimon.jpg\" src=\"https:\/\/duhovna-druzina-delo.rkc.si\/wp-content\/uploads\/2007\/10\/judassimon.jpg\" alt=\"judassimon.jpg\" height=\"180\" align=\"left\" \/><\/td>\n<\/tr>\n<\/tbody>\n<\/table>\n<p><!--more--><\/p>\n<p align=\"center\"><a href=\"https:\/\/duhovna-druzina-delo.rkc.si\/gradivo\/Aktuell\/oznanila.htm\"><strong><em>Tukaj najdete aktualna oznanila<\/em><\/strong><\/a><\/p>\n<p align=\"left\"><strong><em>Urnik ma\u0161:<\/em><\/strong><\/p>\n<table border=\"0\" width=\"95%\" cellspacing=\"10\">\n<tbody>\n<tr>\n<td style=\"width: 140px;\" align=\"left\">nedelja:<\/td>\n<td style=\"width: 210px;\" align=\"left\"><strong>9.30<\/strong><\/td>\n<\/tr>\n<tr>\n<td align=\"left\">ponedeljek, torek in \u010detrtek:<\/td>\n<td align=\"left\">7.00<\/td>\n<\/tr>\n<tr>\n<td align=\"left\" valign=\"top\">sreda, petek:<\/td>\n<td align=\"left\">zimski \u010das: 18.30 (\u017ee od oktobra naprej)<br \/>\npoletni \u010das: 19.30<\/td>\n<\/tr>\n<tr>\n<td align=\"left\" valign=\"top\">sobota:<\/td>\n<td align=\"left\">zimski \u010das: 18.30, poletni \u010das: 19.30<br \/>\n1. sobota v mesecu: mladinska ma\u0161a z zborom &#8222;Sidro&#8220;<br \/>\n2. sobota v mesecu: dru\u017einska ma\u0161a z otroki in mladimi skupine &#8222;Splendor Gloriae&#8220;<\/td>\n<\/tr>\n<tr>\n<td align=\"left\" valign=\"top\">mesec maj: vsak dan \u0161marnice<\/td>\n<td align=\"left\">18.30: \u010de\u0161\u010denje<br \/>\n19.30: ma\u0161a<\/td>\n<\/tr>\n<\/tbody>\n<\/table>\n<p>&nbsp;<\/p>\n<p align=\"left\"><strong><em>Adoracija<\/em><\/strong><strong><em> in spovedovanje:<\/em><\/strong><\/p>\n<table border=\"0\" width=\"98%\">\n<tbody>\n<tr>\n<td valign=\"middle\">\n<p align=\"center\">Pape\u017e Benedikt XVI. pravi:<\/p>\n<p align=\"center\"><em>\u010ce\u0161\u010denje<br \/>\nni luksus,<br \/>\nampak prioriteta.<\/em><\/p>\n<\/td>\n<td>\n<p align=\"center\"><img decoding=\"async\" loading=\"lazy\" class=\"alignnone size-medium wp-image-1627\" src=\"https:\/\/duhovna-druzina-delo.rkc.si\/wp-content\/uploads\/2008\/11\/Anbetung-300x215.jpg\" alt=\"anbetung\" width=\"300\" height=\"215\" srcset=\"https:\/\/duhovna-druzina-delo.rkc.si\/wp-content\/uploads\/2008\/11\/Anbetung-300x215.jpg 300w, https:\/\/duhovna-druzina-delo.rkc.si\/wp-content\/uploads\/2008\/11\/Anbetung-128x92.jpg 128w, https:\/\/duhovna-druzina-delo.rkc.si\/wp-content\/uploads\/2008\/11\/Anbetung.jpg 386w\" sizes=\"(max-width: 300px) 100vw, 300px\" \/><\/p>\n<\/td>\n<\/tr>\n<\/tbody>\n<\/table>\n<\/div>\n<div style=\"text-align: center;\" align=\"left\">\n<table border=\"0\" width=\"95%\">\n<tbody>\n<tr>\n<td><\/td>\n<td><\/td>\n<td style=\"height: 50px;\"><\/td>\n<\/tr>\n<tr>\n<td><\/td>\n<td style=\"width: 100px;\" align=\"left\" valign=\"top\">nedelja:<\/td>\n<td align=\"left\" valign=\"middle\">7.30-9.30<br \/>\n19.30-20.30<\/td>\n<\/tr>\n<tr>\n<td><\/td>\n<td style=\"width: 100px;\" align=\"left\" valign=\"middle\">delavniki:<\/td>\n<td align=\"left\" valign=\"middle\">pol ure pred ma\u0161o<\/td>\n<\/tr>\n<tr>\n<td><\/td>\n<td style=\"width: 100px;\" align=\"left\" valign=\"middle\">prvi petek:<\/td>\n<td align=\"left\" valign=\"middle\">15.00 do ve\u010derne ma\u0161e (15.00-15.30: \u010de\u0161\u010denje za otroke)<\/td>\n<\/tr>\n<tr>\n<td><\/td>\n<td><\/td>\n<td><\/td>\n<\/tr>\n<tr>\n<td><\/td>\n<td><\/td>\n<td style=\"height: 50px;\"><\/td>\n<\/tr>\n<tr>\n<td><\/td>\n<td><\/td>\n<td><\/td>\n<\/tr>\n<\/tbody>\n<\/table>\n<hr size=\"1\" width=\"400\" \/>\n<hr width=\"400\" \/>\n<p align=\"center\">Predlogi, nasveti in pripombe: <a href=\"mailto:ddd@daswerk-fso.org\">FSO-Voglje<\/a><\/p>\n<p>Duhovno sredi\u0161\u010de Voglje<br \/>\nKotna pot 8, Voglje<br \/>\n4208 \u0160en\u010dur<\/p>\n<\/div>\n","protected":false},"excerpt":{"rendered":"<p>Duhovno sredi\u0161\u010de Voglje Cerkev sv. Simona in Juda Tadeja Prisr\u010dno povabljeni:<\/p>\n","protected":false},"author":3,"featured_media":0,"parent":0,"menu_order":0,"comment_status":"closed","ping_status":"closed","template":"","meta":{"footnotes":""},"_links":{"self":[{"href":"https:\/\/duhovna-druzina-delo.rkc.si\/index.php?rest_route=\/wp\/v2\/pages\/112"}],"collection":[{"href":"https:\/\/duhovna-druzina-delo.rkc.si\/index.php?rest_route=\/wp\/v2\/pages"}],"about":[{"href":"https:\/\/duhovna-druzina-delo.rkc.si\/index.php?rest_route=\/wp\/v2\/types\/page"}],"author":[{"embeddable":true,"href":"https:\/\/duhovna-druzina-delo.rkc.si\/index.php?rest_route=\/wp\/v2\/users\/3"}],"replies":[{"embeddable":true,"href":"https:\/\/duhovna-druzina-delo.rkc.si\/index.php?rest_route=%2Fwp%2Fv2%2Fcomments&post=112"}],"version-history":[{"count":4,"href":"https:\/\/duhovna-druzina-delo.rkc.si\/index.php?rest_route=\/wp\/v2\/pages\/112\/revisions"}],"predecessor-version":[{"id":1630,"href":"https:\/\/duhovna-druzina-delo.rkc.si\/index.php?rest_route=\/wp\/v2\/pages\/112\/revisions\/1630"}],"wp:attachment":[{"href":"https:\/\/duhovna-druzina-delo.rkc.si\/index.php?rest_route=%2Fwp%2Fv2%2Fmedia&parent=112"}],"curies":[{"name":"wp","href":"https:\/\/api.w.org\/{rel}","templated":true}]}}